{"id":2143,"date":"2026-04-24T14:34:34","date_gmt":"2026-04-24T12:34:34","guid":{"rendered":"https:\/\/blogpacaffme.fr\/?page_id=2143"},"modified":"2026-04-25T07:00:42","modified_gmt":"2026-04-25T05:00:42","slug":"grave-y-cimes","status":"publish","type":"page","link":"https:\/\/blogpacaffme.fr\/index.php\/grave-y-cimes\/","title":{"rendered":"Grave Y Cimes"},"content":{"rendered":"<div class=\"et_pb_section_0 et_pb_section et_section_regular et_flex_section\">\n<div class=\"et_pb_row_0 et_pb_row et_flex_row\">\n<div class=\"et_pb_column_0 et_pb_column et-last-child et_flex_column et_pb_css_mix_blend_mode_passthrough et_flex_column_24_24 et_flex_column_24_24_tablet et_flex_column_24_24_phone\">\n<div class=\"et_pb_text_0 et_pb_text et_pb_bg_layout_light et_pb_module et_flex_module\"><div class=\"et_pb_text_inner\"><h1 style=\"text-align: center;\"><span style=\"color: #ff0000;\">Un week-end d'initiation\/perfectionnement \u00e0 l'Alpinisme<\/span><\/h1>\n<\/div><\/div>\n<\/div>\n<\/div>\n\n<div class=\"et_pb_row_1 et_pb_row et_flex_row\">\n<div class=\"et_pb_column_1 et_pb_column et-last-child et_flex_column et_pb_css_mix_blend_mode_passthrough et_flex_column_24_24 et_flex_column_24_24_tablet et_flex_column_24_24_phone\">\n<div class=\"et_pb_text_1 et_pb_text et_pb_bg_layout_light et_pb_module et_flex_module\"><div class=\"et_pb_text_inner\"><p style=\"text-align: center;\"><img loading=\"lazy\" decoding=\"async\" src=\"http:\/\/blogpacaffme.fr\/wp-content\/uploads\/2026\/04\/Copie-de-Affiche-Graves-y-cimes_page-0001-217x300.jpg\" width=\"217\" height=\"300\" alt=\"\" class=\"wp-image-2200 alignnone size-medium\" \/><\/p>\n<\/div><\/div>\n<\/div>\n<\/div>\n<\/div>\n\n<div class=\"et_pb_section_1 et_pb_section et_section_regular et_flex_section\">\n<div class=\"et_pb_row_2 et_pb_row et_flex_row\">\n<div class=\"et_pb_column_2 et_pb_column et-last-child et_flex_column et_pb_css_mix_blend_mode_passthrough et_flex_column_24_24 et_flex_column_24_24_tablet et_flex_column_24_24_phone\">\n<div class=\"et_pb_image_0 et_pb_image et_pb_module et_flex_module\"><span class=\"et_pb_image_wrap\"><img loading=\"lazy\" decoding=\"async\" src=\"http:\/\/blogpacaffme.fr\/wp-content\/uploads\/2026\/04\/panorama.jpeg\" title=\"panorama\" width=\"2048\" height=\"1536\" srcset=\"http:\/\/blogpacaffme.fr\/wp-content\/uploads\/2026\/04\/panorama.jpeg 2048w, http:\/\/blogpacaffme.fr\/wp-content\/uploads\/2026\/04\/panorama-1280x960.jpeg 1280w, http:\/\/blogpacaffme.fr\/wp-content\/uploads\/2026\/04\/panorama-980x735.jpeg 980w, http:\/\/blogpacaffme.fr\/wp-content\/uploads\/2026\/04\/panorama-480x360.jpeg 480w\" sizes=\"(min-width: 0px) and (max-width: 480px) 480px, (min-width: 481px) and (max-width: 980px) 980px, (min-width: 981px) and (max-width: 1280px) 1280px, (min-width: 1281px) 2048px, 100vw\" class=\"wp-image-2261\" \/><\/span><\/div>\n<\/div>\n<\/div>\n<\/div>\n\n<div class=\"et_pb_section_2 et_pb_section et_section_regular et_flex_section\">\n<div class=\"et_pb_row_3 et_pb_row et_flex_row\">\n<div class=\"et_pb_column_3 et_pb_column et-last-child et_flex_column et_pb_css_mix_blend_mode_passthrough et_clickable et_flex_column_24_24 et_flex_column_24_24_tablet et_flex_column_24_24_phone\">\n<div class=\"et_pb_accordion_0 et_pb_accordion et_pb_module et_flex_module\">\n<div class=\"et_pb_accordion_item_0 et_pb_accordion_item et_pb_toggle et_pb_module et_pb_toggle_open et_flex_module\"><h1 class=\"et_pb_toggle_title\">Edition 2026 : 27 et 28 juin <\/h1><div class=\"et_pb_toggle_content et_flex_module\"><p>Cet \u00e9v\u00e9nement se d\u00e9roulera sur la commune de la Grave.<\/p>\n<\/div><\/div>\n\n<div class=\"et_pb_accordion_item_1 et_pb_accordion_item et_pb_toggle et_pb_module et_pb_toggle_close et_flex_module\"><h1 class=\"et_pb_toggle_title\">C'est quoi<\/h1><div class=\"et_pb_toggle_content et_flex_module\"><p data-start=\"57\" data-end=\"245\"><strong data-start=\"57\" data-end=\"74\">Grave Y Cimes<\/strong> est un \u00e9v\u00e9nement organis\u00e9 par la <span class=\"hover:entity-accent entity-underline inline cursor-pointer align-baseline\"><span class=\"whitespace-normal\">F\u00e9d\u00e9ration fran\u00e7aise de la montagne et de l\u2019escalade<\/span><\/span>, qui se d\u00e9roule chaque ann\u00e9e \u00e0 <span class=\"hover:entity-accent entity-underline inline cursor-pointer align-baseline\"><span class=\"whitespace-normal\">La Grave (05)<\/span><\/span>, au c\u0153ur du massif des \u00c9crins.\u00a0<\/p>\n<p data-start=\"57\" data-end=\"245\">Apr\u00e8s un an d'arr\u00eat, <strong>la Ligue Sud FFME<\/strong> reprend son organisation\u00a0 avec le soutien\u00a0 de la f\u00e9d\u00e9ration.<\/p>\n<p data-start=\"247\" data-end=\"616\">Pendant deux jours, les participants d\u00e9couvrent ou approfondissent la pratique de l\u2019alpinisme \u00e0 travers des ateliers vari\u00e9s (progression sur glacier, s\u00e9curit\u00e9, escalade, orientation\u2026). Encadr\u00e9s par des professionnels de la montagne, des initiateurs et instructeurs f\u00e9d\u00e9raux, ils \u00e9voluent en petits groupes et choisissent leurs activit\u00e9s selon leur niveau et leurs envies. <span class=\"\" data-state=\"closed\"><\/span><\/p>\n<p data-start=\"618\" data-end=\"876\">Accessible d\u00e8s 16 ans, l\u2019\u00e9v\u00e9nement s\u2019adresse aussi bien aux d\u00e9butants qu\u2019aux pratiquants plus exp\u00e9riment\u00e9s, avec l\u2019objectif de transmettre les bases de l\u2019autonomie en haute montagne dans un cadre s\u00e9curis\u00e9 et convivial.<\/p>\n<\/div><\/div>\n\n<div class=\"et_pb_accordion_item_2 et_pb_accordion_item et_pb_toggle et_pb_module et_pb_toggle_close et_flex_module\"><h1 class=\"et_pb_toggle_title\">C'est pour qui?<\/h1><div class=\"et_pb_toggle_content et_flex_module\"><p data-start=\"58\" data-end=\"169\"><strong data-start=\"58\" data-end=\"75\">Grave Y Cimes<\/strong> s\u2019adresse \u00e0 toutes les personnes \u00e0 partir de 16 ans souhaitant d\u00e9couvrir la haute montagne.<\/p>\n<p data-start=\"171\" data-end=\"345\">Ouvert \u00e0 tous, licenci\u00e9s ou non \u00e0 la FFME, l\u2019\u00e9v\u00e9nement accueille adultes de tous \u00e2ges, familles et jeunes accompagn\u00e9s d\u2019un adulte, dans un esprit de partage et de d\u00e9couverte.<\/p>\n<\/div><\/div>\n\n<div class=\"et_pb_accordion_item_3 et_pb_accordion_item et_pb_toggle et_pb_module et_pb_toggle_close et_flex_module\"><h1 class=\"et_pb_toggle_title\">C'est o\u00f9?<\/h1><div class=\"et_pb_toggle_content et_flex_module\"><p><span style=\"color: #000000; font-family: open_sansregular; font-size: medium; font-style: normal; font-variant-ligatures: normal; font-variant-caps: normal; font-weight: 400; letter-spacing: normal; orphans: 2; text-align: start; text-indent: 0px; text-transform: none; widows: 2; word-spacing: 0px; -webkit-text-stroke-width: 0px; white-space: normal; background-color: #ffffff; text-decoration-thickness: initial; text-decoration-style: initial; text-decoration-color: initial; display: inline !important; float: none;\">Le camp de base de la GYC se tiendra \u00e0 la salle des f\u00eates de La Grave.<\/span><\/p>\n<p><span style=\"color: #000000; font-family: open_sansregular; font-size: medium; font-style: normal; font-variant-ligatures: normal; font-variant-caps: normal; font-weight: 400; letter-spacing: normal; orphans: 2; text-align: start; text-indent: 0px; text-transform: none; widows: 2; word-spacing: 0px; -webkit-text-stroke-width: 0px; white-space: normal; background-color: #ffffff; text-decoration-thickness: initial; text-decoration-style: initial; text-decoration-color: initial; display: inline !important; float: none;\">Les ateliers auront lieu au spot des \"Fr\u00e9aux\" et sur le glacier de la Girose<\/span><\/p>\n<p>&nbsp;<\/p>\n<\/div><\/div>\n\n<div class=\"et_pb_accordion_item_4 et_pb_accordion_item et_pb_toggle et_pb_module et_pb_toggle_close et_flex_module\"><h1 class=\"et_pb_toggle_title\">Programme pr\u00e9visionnel de la Grave Y C\u00eemes 2026<\/h1><div class=\"et_pb_toggle_content et_flex_module\"><p>\u00a0<\/p>\n<p data-start=\"58\" data-end=\"149\">Les participants seront r\u00e9partis en deux groupes afin de profiter pleinement des activit\u00e9s.<\/p>\n<ul data-start=\"151\" data-end=\"342\">\n<li data-section-id=\"ng2a7p\" data-start=\"151\" data-end=\"250\">Le groupe J1 commencera par la vall\u00e9e le premier jour, puis d\u00e9couvrira le glacier le lendemain.<\/li>\n<\/ul>\n<p>\u00a0<\/p>\n<ul data-start=\"151\" data-end=\"342\">\n<li data-section-id=\"7k95vq\" data-start=\"251\" data-end=\"342\">Le groupe J2 suivra le parcours inverse : glacier le premier jour, puis vall\u00e9e le second.<\/li>\n<\/ul>\n<p>\u00a0<\/p>\n<p data-start=\"344\" data-end=\"407\">Le camp de base sera install\u00e9 \u00e0 la salle des f\u00eates de La Grave.<\/p>\n<p>\u00a0<\/p>\n<h3 style=\"margin-left: 0;\">Vendredi 26 juin<\/h3>\n<p style=\"margin-left: 0;\">17h00 \u2013 20h : Accueil \u00e0 la Salle des f\u00eates.<\/p>\n<p style=\"margin-left: 0;\">18h30 : <span style=\"color: rgba(0,0,0,1);\">Briefing.<\/span><\/p>\n<p style=\"margin-left: 0;\"><span style=\"color: rgba(0,0,0,1);\"><\/span><\/p>\n<h3 style=\"margin-left: 0;\">Samedi 27 juin<\/h3>\n<p style=\"margin-left: 0;\">7h30 \u2013 8h15 : Accueil des participants \u00e0 la salle des f\u00eates.<\/p>\n<p style=\"margin-left: 0;\">8h00 : D\u00e9part des animateurs par le t\u00e9l\u00e9ph\u00e9rique.<\/p>\n<p style=\"margin-left: 0;\">8h30 : D\u00e9part des participants vers leur site d\u2019activit\u00e9 pour la journ\u00e9e.<\/p>\n<p style=\"margin-left: 0;\">Un contr\u00f4le de passage des animateurs et des participants sera effectu\u00e9 \u00e0 3200 m.<\/p>\n<p style=\"margin-left: 0;\">15h30 : Fin des ateliers sur le glacier.<\/p>\n<p style=\"margin-left: 0;\">16h30 : Fin des ateliers dans la vall\u00e9e.<\/p>\n<h3 style=\"margin-left: 0;\">Dimanche 28 juin<\/h3>\n<p style=\"margin-left: 0;\">8h00 : D\u00e9part des animateurs.<\/p>\n<p style=\"margin-left: 0;\">8h30 : D\u00e9part des participants pour la deuxi\u00e8me journ\u00e9e d\u2019activit\u00e9s<\/p>\n<p style=\"margin-left: 0;\">Un contr\u00f4le de passage des animateurs et des participants sera effectu\u00e9 \u00e0 3200 m.<\/p>\n<p style=\"margin-left: 0;\">15h30 :Fin des ateliers sur le glacier.<\/p>\n<p style=\"margin-left: 0;\">16h30 : Fin des ateliers dans la vall\u00e9e.<\/p>\n<p>\u00a0<\/p>\n<p>\u00a0<\/p>\n<table width=\"700\" border=\"black\" style=\"width: 700px; border-color: black; margin-left: auto; margin-right: auto;\">\n<tbody>\n<tr style=\"border-style: solid;\">\n<td style=\"border-style: solid; width: 268.517px; border-color: black;\">\n<h4><strong>Groupe Vall\u00e9e \u201cFr\u00e9aux\u201d<\/strong><\/h4>\n<\/td>\n<td style=\"width: 288.483px;\">\n<h4><strong>Groupe Glacier \u201cGirose\u201d<\/strong><\/h4>\n<\/td>\n<\/tr>\n<tr>\n<td style=\"width: 268.517px;\">Grimper en second (chaussures d\u2019alpinisme)<\/td>\n<td style=\"width: 288.483px;\">Encordement glacier en r\u00e8gle !<\/td>\n<\/tr>\n<tr>\n<td style=\"width: 268.517px;\">Grimper en t\u00eate + manip r\u00e9chap<\/td>\n<td style=\"width: 288.483px;\">Ecole de neige\/glissage\/cramponner\/utiliser son piolet<\/td>\n<\/tr>\n<tr>\n<td style=\"width: 268.517px;\">Pose de coinceurs<\/td>\n<td style=\"width: 288.483px;\">R\u00e9aliser un \u201ccorps mort\u201d<\/td>\n<\/tr>\n<tr>\n<td style=\"width: 268.517px;\">Relais, triangulation...<\/td>\n<td style=\"width: 288.483px;\">Mouflage et remont\u00e9e corde dans corniche (pas dans crevasse) avec contreassurrage<\/td>\n<\/tr>\n<tr>\n<td style=\"width: 268.517px;\">Enchainer les longueurs \/ grande voie facile<\/td>\n<td style=\"width: 288.483px;\">Randonn\u00e9e glaciaire (explication, environnement glaciaire, formation des crevasses...). On exclut : R\u00e2teau Ouest, Pic de la Grave et autres sorties difficiles).<\/td>\n<\/tr>\n<tr>\n<td style=\"width: 268.517px;\">Rappel en s\u00e9curit\u00e9<\/td>\n<td style=\"width: 288.483px;\">Progresser en pente de neige, assurage en mouvement<\/td>\n<\/tr>\n<tr>\n<td style=\"width: 268.517px;\">Assurage en mouvement<\/td>\n<td style=\"width: 288.483px;\"><\/td>\n<\/tr>\n<tr>\n<td style=\"width: 268.517px;\"><\/td>\n<td style=\"width: 288.483px;\"><\/td>\n<\/tr>\n<\/tbody>\n<\/table>\n<\/div><\/div>\n\n<div class=\"et_pb_accordion_item_5 et_pb_accordion_item et_pb_toggle et_pb_module et_pb_toggle_close et_flex_module\"><h1 class=\"et_pb_toggle_title\">Inscriptions<\/h1><div class=\"et_pb_toggle_content et_flex_module\"><p style=\"color: #000000; font-family: open_sansregular; font-size: medium; font-style: normal; font-variant-ligatures: normal; font-variant-caps: normal; font-weight: 400; letter-spacing: normal; orphans: 2; text-align: start; text-indent: 0px; text-transform: none; widows: 2; word-spacing: 0px; -webkit-text-stroke-width: 0px; white-space: normal; background-color: #ffffff; text-decoration-thickness: initial; text-decoration-style: initial; text-decoration-color: initial;\">L\u2019\u00e9v\u00e9nement est ouvert \u00e0 tous, licenci\u00e9s \u00e0 la F\u00e9d\u00e9ration fran\u00e7aise de la montagne et de l\u2019escalade ou non licenci\u00e9s.<\/p>\n<p style=\"color: #000000; font-family: open_sansregular; font-size: medium; font-style: normal; font-variant-ligatures: normal; font-variant-caps: normal; font-weight: 400; letter-spacing: normal; orphans: 2; text-align: start; text-indent: 0px; text-transform: none; widows: 2; word-spacing: 0px; -webkit-text-stroke-width: 0px; white-space: normal; background-color: #ffffff; text-decoration-thickness: initial; text-decoration-style: initial; text-decoration-color: initial;\">Les activit\u00e9s se d\u00e9roulent sur le glacier de la Girose \u00e0 3200m d\u2019altitude et dans la vall\u00e9e \"Fr\u00e9aux\". Les participants doivent rester sur le parcours balis\u00e9 durant tout l\u2019\u00e9v\u00e8nement.<\/p>\n<p style=\"color: #000000; font-family: open_sansregular; font-size: medium; font-style: normal; font-variant-ligatures: normal; font-variant-caps: normal; font-weight: 400; letter-spacing: normal; orphans: 2; text-align: start; text-indent: 0px; text-transform: none; widows: 2; word-spacing: 0px; -webkit-text-stroke-width: 0px; white-space: normal; background-color: #ffffff; text-decoration-thickness: initial; text-decoration-style: initial; text-decoration-color: initial;\">Tous les participants r\u00e9guli\u00e8rement inscrits \u00e0 Grave y Cimes, b\u00e9n\u00e9ficient dans le cadre de la pr\u00e9sente manifestation, des garanties pr\u00e9vues au contrat d\u2019assurance de responsabilit\u00e9 civile souscrit par la FFME aupr\u00e8s de la compagnie Allianz. La pr\u00e9sente manifestation ne comprend aucune garantie d\u2019assurance de personne (frais m\u00e9dicaux, capital d\u00e9c\u00e8s, invalidit\u00e9, \u2026).<\/p>\n<p style=\"color: #000000; font-family: open_sansregular; font-size: medium; font-style: normal; font-variant-ligatures: normal; font-variant-caps: normal; font-weight: 400; letter-spacing: normal; orphans: 2; text-align: start; text-indent: 0px; text-transform: none; widows: 2; word-spacing: 0px; -webkit-text-stroke-width: 0px; white-space: normal; background-color: #ffffff; text-decoration-thickness: initial; text-decoration-style: initial; text-decoration-color: initial;\">Pour les non licenci\u00e9s, il peut \u00eatre dans leur int\u00e9r\u00eat de souscrire, aupr\u00e8s de l\u2019assureur de leur choix, un contrat d\u2019assurance de personnes couvrant les dommages corporels, les frais d\u2019assistance rapatriement auxquels la participation \u00e0 Grave Y C\u00eemes peut les exposer. La FFME peut leur proposer un tel contrat d\u2019assurance avec la licence d\u00e9couverte (voir bulletin d\u2019inscription).\u00a0<\/p>\n<\/div><\/div>\n\n<div class=\"et_pb_accordion_item_6 et_pb_accordion_item et_pb_toggle et_pb_module et_pb_toggle_close et_flex_module\"><h1 class=\"et_pb_toggle_title\">Tarifs d'inscriptions 2026<\/h1><div class=\"et_pb_toggle_content et_flex_module\"><p><strong>Avant le 15 juin 2026 \u2013 18h<\/strong><\/p>\n<p>\u2022 180\u20ac pour les non licenci\u00e9s FFME<\/p>\n<p>\u2022 120\u20ac pour les licenci\u00e9s FFME (avant le 15 juin 2026 \u2013 18h).<\/p>\n<p>\u2022 400\u20ac pour 4 licenci\u00e9s d\u2019un m\u00eame club FFME (avant 15juin 2026 \u2013 18h)<\/p>\n<p>\u2022 540\u20ac pour 6 licenci\u00e9s d\u2019un m\u00eame club FFME (avant 15 juin 2026 \u2013 18h) et 90 \u20ac pour chaque licenci\u00e9 suppl\u00e9mentaire (avant 15 juin 2026 \u2013 18h).<\/p>\n<p>\u2022 90\u20ac pour les moins de 18 ans.<\/p>\n<p><strong>Apr\u00e8s le 15 juin 2026 \u2013 18h<\/strong><\/p>\n<p>\u2022 180\u20ac pour les licenci\u00e9s FFME<\/p>\n<p>\u2022 210\u20ac pour les non licenci\u00e9s FFME<\/p>\n<p><strong>Sur place, le vendredi 26\/06 \u00e0 partir de 16h30 et le samedi 27\/06 jusqu\u2019\u00e0 9h30. Le r\u00e8glement pour les inscriptions sur place se fera uniquement par ch\u00e8que.<\/strong><\/p>\n<p>\u2022 210\u20ac pour les licenci\u00e9s FFME <br \/>\u2022 250\u20ac pour les non licenci\u00e9s FFME<br \/>\u2022 Tarif Licence d\u00e9couverte : 5\u20ac par personne et par jour soit 10\u20ac pour l\u2019\u00e9v\u00e9nement.<\/p>\n<p><strong>L\u2019inscription comprend<\/strong><br \/>\u2022 Un acc\u00e8s remont\u00e9es m\u00e9caniques \u00ab La Grave \u2013 les Ruillans 3200m \u00bb ;<br \/>\u2022 La participation aux ateliers sur le glacier de la Girose et \u00e0 ceux de Villars Pancrace;<br \/>\u2022 Le repas du samedi soir ;<br \/>\u2022 Le samedi &amp; dimanche : participation aux diff\u00e9rentes activit\u00e9s ;<br \/>\u2022 Du pr\u00eat de mat\u00e9riel.<\/p>\n<\/div><\/div>\n\n<div class=\"et_pb_accordion_item_7 et_pb_accordion_item et_pb_toggle et_pb_module et_pb_toggle_close et_flex_module\"><h1 class=\"et_pb_toggle_title\">Lien pour les inscriptions 2026<\/h1><div class=\"et_pb_toggle_content et_flex_module\"><p><strong>Avant le 15 juin 2026 \u2013 18h<\/strong><\/p>\n<p>&nbsp;<\/p>\n<p><strong>Apr\u00e8s le 15 juin 2026 \u2013 18h<\/strong><\/p>\n<p>&nbsp;<\/p>\n<\/div><\/div>\n\n<div class=\"et_pb_accordion_item_8 et_pb_accordion_item et_pb_toggle et_pb_module et_pb_toggle_close et_flex_module\"><h1 class=\"et_pb_toggle_title\">Conditions d'annulation<\/h1><div class=\"et_pb_toggle_content et_flex_module\"><p><strong>-Du fait de l\u2019organisateur\u00a0:<\/strong> Le comit\u00e9 se r\u00e9serve le droit d\u2019annuler si les conditions m\u00e9t\u00e9orologiques ou le manque de neige ne permettent pas de maintenir l\u2019\u00e9v\u00e8nement.<\/p>\n<p>La d\u00e9cision sera prise <strong>au plus tard le jeudi 22\u00a0juin 2026 \u00e0 20 h.<\/strong><\/p>\n<p>Le comit\u00e9 rembourse la totalit\u00e9 des frais d\u2019inscription.<\/p>\n<p><strong>-Du fait du participant\u00a0:<\/strong> Remboursement de la totalit\u00e9 des frais d\u2019inscription uniquement pour raison m\u00e9dicale, maladie grave, d\u00e9c\u00e8s (sur justification).<\/p>\n<\/div><\/div>\n\n<div class=\"et_pb_accordion_item_9 et_pb_accordion_item et_pb_toggle et_pb_module et_pb_toggle_close et_flex_module\"><h1 class=\"et_pb_toggle_title\">Mat\u00e9riel<\/h1><\/div>\n<\/div>\n\n<div class=\"et_pb_accordion_1 et_pb_accordion et_pb_module et_flex_module\"><\/div>\n<\/div>\n<\/div>\n<\/div>","protected":false},"excerpt":{"rendered":"","protected":false},"author":1,"featured_media":2261,"parent":0,"menu_order":0,"comment_status":"closed","ping_status":"closed","template":"","meta":{"footnotes":""},"class_list":["post-2143","page","type-page","status-publish","has-post-thumbnail","hentry"],"_links":{"self":[{"href":"https:\/\/blogpacaffme.fr\/index.php\/wp-json\/wp\/v2\/pages\/2143","targetHints":{"allow":["GET"]}}],"collection":[{"href":"https:\/\/blogpacaffme.fr\/index.php\/wp-json\/wp\/v2\/pages"}],"about":[{"href":"https:\/\/blogpacaffme.fr\/index.php\/wp-json\/wp\/v2\/types\/page"}],"author":[{"embeddable":true,"href":"https:\/\/blogpacaffme.fr\/index.php\/wp-json\/wp\/v2\/users\/1"}],"replies":[{"embeddable":true,"href":"https:\/\/blogpacaffme.fr\/index.php\/wp-json\/wp\/v2\/comments?post=2143"}],"version-history":[{"count":75,"href":"https:\/\/blogpacaffme.fr\/index.php\/wp-json\/wp\/v2\/pages\/2143\/revisions"}],"predecessor-version":[{"id":2281,"href":"https:\/\/blogpacaffme.fr\/index.php\/wp-json\/wp\/v2\/pages\/2143\/revisions\/2281"}],"wp:featuredmedia":[{"embeddable":true,"href":"https:\/\/blogpacaffme.fr\/index.php\/wp-json\/wp\/v2\/media\/2261"}],"wp:attachment":[{"href":"https:\/\/blogpacaffme.fr\/index.php\/wp-json\/wp\/v2\/media?parent=2143"}],"curies":[{"name":"wp","href":"https:\/\/api.w.org\/{rel}","templated":true}]}}